{"id":131,"date":"2015-01-28T09:21:16","date_gmt":"2015-01-28T09:21:16","guid":{"rendered":"http:\/\/alfredjarry.fr\/jarry\/?page_id=131"},"modified":"2015-01-28T10:03:39","modified_gmt":"2015-01-28T10:03:39","slug":"bibliographie","status":"publish","type":"page","link":"https:\/\/alfredjarry.fr\/jarry\/?page_id=131","title":{"rendered":"Bibliographie"},"content":{"rendered":"<p>&lt;Bibliographie tir\u00e9e de la th\u00e8se de Julien Schuh <a href=\"http:\/\/tel.archives-ouvertes.fr\/tel-00983792\" target=\"_blank\"><em>Alfred Jarry \u2013 le colin-maillard c\u00e9r\u00e9bral<\/em><\/a> .&gt;<\/p>\n<h3>Outils bibliographiques<\/h3>\n<ul>\n<li>Bordillon, Henri, \u00ab\u00a0Bibliographie g\u00e9n\u00e9rale\u00a0\u00bb, dans Alfred Jarry, <em>\u0152uvres compl\u00e8tes<\/em>, t.\u00a0III, Gallimard, coll. Biblioth\u00e8que de la Pl\u00e9iade, 1988, p.\u00a01021-1047.<\/li>\n<li>Brotchie, Alastair, \u00ab\u00a0Jarry et l\u2019Angleterre\u00a0\u00bb, <em>L\u2019\u00c9toile-Absinthe<\/em>, n<sup>o\u00a0<\/sup>46, 1990, p.\u00a05-17\u00a0; n<sup>os\u00a0<\/sup>73-74, 1997, p.\u00a04-23.<\/li>\n<li>Coll\u00e8ge de \u2019Pataphysique, <em>Promptuaire r\u00e9capitulatif mais int\u00e9gral des publications du Coll\u00e8ge de pataphysique et du Cymbalum pataphysicum\u00a0: arr\u00eat\u00e9 \u00e0 la date du 1er gidouille CXXVII E. P.<\/em>, \u00e9tabli par la Cocommission des inf\u00e9rences, Vrigny, Coll\u00e8ge de \u2019Pataphysique, 2001.<\/li>\n<li>Ehrich, Riewert, \u00ab\u00a0<em>Addenda germanica<\/em>\u00bb, <em>L\u2019\u00c9toile-Absinthe<\/em>, n<sup>os\u00a0<\/sup>7-8, d\u00e9cembre 1980, p.\u00a099-100.<\/li>\n<li>\u2014, \u00ab\u00a0Bibliographie des \u0153uvres d\u2019Alfred Jarry traduites en Allemand et des \u00e9tudes et articles en allemand consacr\u00e9s \u00e0 Jarry\u00a0\u00bb,<em> L\u2019\u00c9toile-Absinthe<\/em>, n<sup>o\u00a0<\/sup>3, octobre 1979, p.\u00a054-58.<\/li>\n<li>\u2014, \u00ab\u00a0Jarry en Allemand (Bibliographie mise \u00e0 jour II)\u00a0\u00bb,<em> L\u2019\u00c9toile-Absinthe<\/em>, n<sup>os\u00a0<\/sup>47-48, 1990, p.\u00a030-31.<\/li>\n<li>\u2014, \u00ab\u00a0Jarry en Allemand (Bibliographie mise \u00e0 jour)\u00a0\u00bb,<em> L\u2019\u00c9toile-Absinthe<\/em>, n<sup>os\u00a0<\/sup>35-36, 1987, p.\u00a047-50.<\/li>\n<li>Rameil, Claude, \u00ab\u00a0Alfred Jarry, essai de bibliographie critique\u00a0\u00bb,<em> L\u2019\u00c9toile-Absinthe<\/em>, n<sup>os\u00a0<\/sup>1-2, mai 1979, p.\u00a0119-156.<\/li>\n<li>\u2014, \u00ab\u00a0Miettes bibliojarryques\u00a0\u00bb, <em>L\u2019\u00c9toile-Absinthe<\/em>, n<sup>o\u00a0<\/sup>4, d\u00e9cembre 1979, p.\u00a051-54.<\/li>\n<li>\u2014,\u00a0\u00ab\u00a0Alfred Jarry, essai de bibliographie critique (suite)\u00a0\u00bb, <em>L\u2019\u00c9toile-Absinthe<\/em>, n<sup>os\u00a0<\/sup>7-8, d\u00e9cembre 1980, p.\u00a091-97.<\/li>\n<\/ul>\n<h3>\u00c9ditions de r\u00e9f\u00e9rences<\/h3>\n<ul>\n<li>Jarry, Alfred, <em>\u0152uvres compl\u00e8tes<\/em>, t.\u00a0I-III, Gallimard, coll. Biblioth\u00e8que de la Pl\u00e9iade, 1972-1988.<\/li>\n<li>\u2014, <em>\u0152uvres<\/em>, Robert Laffont, coll. Bouquins, 2004.<\/li>\n<li>\u2014, <a href=\"http:\/\/www.classiques-garnier.com\/editions\/index.php?page=shop.product_details&amp;flypage=flypage_garnier.tpl&amp;product_id=884&amp;category_id=12&amp;keyword=alfred+jarry&amp;option=com_virtuemart&amp;Itemid=1\" target=\"_blank\"><em>\u0152uvres compl\u00e8tes, <\/em> I-III, Classiques Garnier<\/a>, coll. Biblioth\u00e8que de litt\u00e9rature du XX<sup>e<\/sup> si\u00e8cle, 2013-2014.<\/li>\n<\/ul>\n<h3>Biographies<\/h3>\n<ul>\n<li>Arnaud, No\u00ebl, <em>Alfred Jarry. D\u2019<\/em>Ubu Roi <em>au Docteur Faustroll<\/em>, La Table ronde, coll. Les Vies perpendiculaires, 1974.<\/li>\n<li>Beaumont, Keith S., <em>Alfred Jarry. A Critical and Biographical Study<\/em>, Leicester, Leicester University Press, 1984.<\/li>\n<li>Besnier, Patrick, <em>Alfred Jarry<\/em>, Fayard, 2005.<\/li>\n<li>Bordillon, Henri, <em>Gestes et opinions d\u2019Alfred Jarry, \u00e9crivain<\/em>, Laval, \u00c9ditions Silo\u00e9, coll. Biographies, 1986.<\/li>\n<li>Brotchie, Alastair, <em>Alfred Jarry, A Pataphysical Life<\/em>, Cambridge (Mass.)\/Londres, MIT Press, 2011.<\/li>\n<li>Caradec, Fran\u00e7ois, <em>\u00c0 la recherche de\u00a0: Alfred Jarry<\/em>, Seghers, coll. Insolites, 1974.<\/li>\n<li>Fell, Jill, <em>Alfred Jarry<\/em>, Londres, Reaktion Books, coll. Critical lives, 2010.<\/li>\n<li>Jarry, Charlotte, \u00ab\u00a0Notes sur Alfred Jarry\u00a0\u00bb (1932), dans Jarry, Alfred, <em>\u0152uvres compl\u00e8tes<\/em>, t.\u00a0III, Gallimard, coll. Biblioth\u00e8que de la Pl\u00e9iade, 1988, p. 699-703.<\/li>\n<li>Rachilde, <em>Alfred Jarry ou le Surm\u00e2le de Lettres<\/em>, Grasset, coll. La Vie de Boh\u00eame, 1927.<\/li>\n<li>R\u00e9gibier, Philippe, <em>Ubu sur la berge. Alfred Jarry \u00e0 Corbeil, 1898-1907<\/em>, pr\u00e9face de Fran\u00e7ois Caradec, les Presses du management, coll. LPM-actualit\u00e9, 1999.<\/li>\n<\/ul>\n<h3>Revues consacr\u00e9es int\u00e9gralement \u00e0 Jarry<\/h3>\n<ul>\n<li><em>L\u2019\u00c9toile-Absinthe<\/em>, publi\u00e9e par la Soci\u00e9t\u00e9 des Amis d\u2019Alfred Jarry depuis 1979. La totalit\u00e9 des livraisons (\u00e0 l\u2019exception des catalogues, reprints et des num\u00e9ros les plus r\u00e9cents) est <a title=\"L\u2019\u00c9toile-Absinthe\" href=\"http:\/\/alfredjarry.fr\/jarry\/?page_id=18\" target=\"_blank\">accessible en ligne<\/a>.<\/li>\n<li><em>Viridis Candela<\/em>, titre g\u00e9n\u00e9ral des publications du Coll\u00e8ge de \u2019Pataphysique\u00a0; publi\u00e9 sous le titre <em>Cahiers du coll\u00e8ge de \u2019Pataphysique<\/em> (1950-1957)\u00a0; devient <em>Dossiers ac\u00e9non\u00e8tes du coll\u00e8ge de \u2019Pataphysique<\/em> (1957-1965)\u00a0; <em>Subsidia Pataphysica<\/em>, (1966-1974), <em>Organographes du Cymbalum pataphysicum<\/em>, (1974-1981)\u00a0; <em>Monitoires du Cymbalum pataphysicum<\/em> (1981-1994)\u00a0; <em>L\u2019Expectateur<\/em> (1994-2000)\u00a0; <em>Carnets trimestriels du coll\u00e8ge de \u2019Pataphysique<\/em> (2000-2007), <em>Le Correspondancier du coll\u00e8ge de \u2019Pataphysique<\/em> (depuis 2007). Les dates de publication sont indiqu\u00e9es selon l\u2019\u00c8re Pataphysique [E.P.], commen\u00e7ant \u00e0 la naissance de Jarry le 8 septembre 1873.<\/li>\n<\/ul>\n<h3>Ouvrages, th\u00e8ses et num\u00e9ros sp\u00e9ciaux de revues<\/h3>\n<ul>\n<li>Arriv\u00e9, Michel (\u00e9d.), <em>Peintures, gravures et dessins d\u2019Alfred Jarry<\/em>, Cercle fran\u00e7ais du livre et Coll\u00e8ge de Pataphysique, 1968.<\/li>\n<li>\u2014, <em>Les Langages de Jarry : essai de s\u00e9miotique litt\u00e9raire<\/em>, Klincksieck, 1972.<\/li>\n<li>\u2014, <em>Lire Jarry<\/em>, Bruxelles, \u00c9ditions Complexe, coll. Dialectiques, 1976.<\/li>\n<li><a href=\"http:\/\/cyberdoc.univ-lemans.fr\/theses\/2010\/2010LEMA3002.pdf\" target=\"_blank\">Beaume, Diana, <em>Alfred Jarry et la pens\u00e9e des contraires<\/em><\/a>, th\u00e8se de Doctorat, Laval, Universit\u00e9 du Maine, 2010.<\/li>\n<li>B\u00e9har, Henri, <em>La Dramaturgie d\u2019Alfred Jarry<\/em>, Champion, coll. Litt\u00e9rature de notre si\u00e8cle, 2003\u00a0; pr\u00e9c\u00e9demment paru sous le titre : <em>Jarry dramaturge<\/em>, Nizet, coll. Publications de la Sorbonne, 1980\u00a0; texte remani\u00e9 de : <em>Jarry dramaturge<\/em>, Th\u00e8se de doctorat, Lettres, Paris-IV, 1975.<\/li>\n<li>\u2014, <a href=\"http:\/\/melusine-surrealisme.fr\/henribehar\/wp\/wp-content\/uploads\/2014\/08\/Cultures-de-Jarry.pdf\" target=\"_blank\"><em>Les Cultures de Jarry<\/em><\/a>, PUF, coll. \u00c9crivains, 1988.<\/li>\n<li>Besnier, Patrick, <em>Alfred Jarry<\/em>, Culturesfrance \u00e9ditions, 2007.<\/li>\n<li>\u2014, <em>Alfred Jarry<\/em>, Plon, coll. Biographique, 1990.<\/li>\n<li>Bordillon, Henri (dir.), <em>Alfred Jarry<\/em>, Colloque du Centre culturel international de Cerisy-la-Salle, 27 ao\u00fbt-6 septembre 1981, Pierre Belfond, 1985.<\/li>\n<li>\u2014, Leroy, Yves, David, Sylvain-Christian et Besnier, Patrick,<em> Les Bretagnes de Alfred Jarry<\/em>, publi\u00e9 \u00e0 l\u2019occasion de l\u2019exposition pr\u00e9sent\u00e9e \u00e0 Rennes en novembre 1980, Rennes, Maison de la culture, 1980.<\/li>\n<li>Briquet, Aur\u00e9lie,\u00a0<em>Le Jeu des genres dans l\u2019\u0153uvre romanesque d\u2019Alfred Jarry :<\/em><br \/>\n<em>transformations, hybridations, m\u00e9langes<\/em>,\u00a0th\u00e8se de Doctorat, Paris III, 2013.<\/li>\n<li><em>Cahiers du coll\u00e8ge de \u2019Pataphysique<\/em>, n<sup>os\u00a0<\/sup>8-9, \u00ab\u00a0Sur la Pens\u00e9e Mystique\u00a0\u00bb, 25 sable 80 E.P.\u00a0[25 d\u00e9cembre 1953].<\/li>\n<li>Carrouges, Michel, <em>Les Machines c\u00e9libataires<\/em>, Arcanes, 1954.<\/li>\n<li>David, Sylvain-Christian, <em>Alfred Jarry, le secret des origines<\/em>, pr\u00e9f. d\u2019Annie Le Brun, PUF, coll. Perspectives critiques, 2003.<\/li>\n<li>Dubbelboer, Marieke, <em><a href=\"https:\/\/www.google.fr\/url?sa=t&amp;rct=j&amp;q=&amp;esrc=s&amp;source=web&amp;cd=10&amp;cad=rja&amp;uact=8&amp;ved=0CGAQFjAJ&amp;url=http%3A%2F%2Firs.ub.rug.nl%2Fdbi%2F4ae0356a629a3&amp;ei=CrHIVIeEKO3W7Aa7oIGIAg&amp;usg=AFQjCNGUP31TjM8eIpJNNl3heMYUYuGE_A&amp;sig2=UYhtRyzsuZTGjkOKq_-a3g&amp;bvm=bv.84607526,d.ZGU\" target=\"_blank\">The Subversive Poetics of Alfred Jarry<\/a>. Ubusing Culture in the Almanachs du P\u00e8re Ubu<\/em>, Londres, Legenda, coll. Research Monographs in French Studies, 2012.<\/li>\n<li>Ehrich, Riewert, <em>Individuation und Okkultismus im Romanwerk Alfred Jarrys<\/em>, M\u00fcnchen, W. Fink, coll. Freiburger Schriften zur romanischen Philologie, 1988.<\/li>\n<li>Eruli, Brunella, <em>Jarry, i mostri dell\u2019immagine<\/em>, Pisa, Pacini, coll. Saggi critici, 1982.<\/li>\n<li><em>Europe<\/em>, n<sup>os\u00a0<\/sup>623-624, \u00ab\u00a0Alfred Jarry\u00a0\u00bb, mars-avril 1981.<\/li>\n<li>Fell, Jill, <em>Alfred Jarry. An Imagination in Revolt<\/em>, Madison\/Teaneck, Fairleigh Dickinson University Press, 2005.<\/li>\n<li>Foulc, Thieri (dir.), <em>Jarry en ymages<\/em>, Le Promeneur, 2012.<\/li>\n<li>Gosztola, Matthieu, <a href=\"http:\/\/www.iquesta.com\/Memoire-These\/Document\/Lettres-et-Langues\/alfred-jarry-revues-litteraires-matthieu-gosztola.pdf\" target=\"_blank\"><em>Jarry et les revues<\/em><\/a>, M\u00e9moire de Ma\u00eetrise, Lettres, Le Mans\/Laval, Universit\u00e9 du Maine, 2003.<\/li>\n<li><em>\u2014, <a href=\"http:\/\/static.iquesta.com\/fichiers\/theses\/Lettres-et-Langues\/jarry-valery-detour-oblige-sciences-matthieu-gosztola.pdf\" target=\"_blank\">Jarry, Val\u00e9ry : un d\u00e9tour oblig\u00e9 par les sciences<\/a><\/em>, M\u00e9moire de Master 2, Lettres, Le Mans\/Laval, Universit\u00e9 du Maine, 2005.<\/li>\n<li>\u2014, <a href=\"https:\/\/tel.archives-ouvertes.fr\/tel-00743016v4\/document\" target=\"_blank\"><em>La critique litt\u00e9raire d\u2019Alfred Jarry \u00e0 <\/em>La Revue blanche<\/a>, Th\u00e8se de Doctorat, Lettres, Le Mans\/Laval, Universit\u00e9 du Maine, 2012.<\/li>\n<li>Kune\u0161ov\u00e1, Mariana (dir.), <em>Alfred Jarry et la culture tch\u00e8que\/Alfred Jarry a \u010desk\u00e1 kultura<\/em>, Ostrava (R\u00e9publique tch\u00e8que), Universitas ostraviensis Facultas Philosophica, 2009.<\/li>\n<li><a href=\"http:\/\/alfredjarry.fr\/amisjarry\/fichiers_ea\/etoile_absinthe_043_45reduit.pdf\" target=\"_blank\"><em>L\u2019\u00c9toile-Absinthe<\/em>, n<sup>os\u00a0<\/sup>43-45<\/a>, \u00ab\u00a0Fargue et Jarry\u00a0\u00bb, 1989.<\/li>\n<li><em>La Licorne<\/em>, n<sup>o\u00a0<\/sup>80, \u00ab\u00a0Jarry. Monstres et merveilles\u00a0\u00bb, 2007.<\/li>\n<li>Ochsner, Beate (dir.), <em> Le Monstre 1900\/Jarry. Das Monster 1900<\/em>, Actes du colloque de l\u2019Universit\u00e9 de Mannheim du 1er au 3 f\u00e9vrier 2001, Aachen, Shaker, coll. Medusa-M\u00e9dias, 2002.<\/li>\n<li><em>Organographes du Cymbalum pataphysicum<\/em>, n<sup>o\u00a0<\/sup>18, \u00ab\u00a0Rachilde et Jarry\u00a0\u00bb, 8 septembre 1982.<\/li>\n<li>Pollin, Karl, <em>Alfred Jarry. L\u2019exp\u00e9rimentation du singulier<\/em>, PhD, Atlanta (G\u00e9orgie), Emory University, 2007.<\/li>\n<li><em>Revue des Sciences Humaines<\/em>, n<sup>o\u00a0<\/sup>203, \u00ab\u00a0Alfred Jarry\u00a0\u00bb, juillet-septembre 1986.<\/li>\n<li>Schuh, Julien,\u00a0<em>Alfred Jarry \u2013 le colin-maillard c\u00e9r\u00e9bral<\/em>, Honor\u00e9 Champion, coll. Romantisme et Modernit\u00e9, 2014 (<a href=\"https:\/\/tel.archives-ouvertes.fr\/tel-00983792\/document\" target=\"_blank\">version de th\u00e8se en ligne<\/a>).<\/li>\n<li>Shattuck, Roger, <em>Les Primitifs de l\u2019avant-garde : Henri Rousseau, Erik Satie, Alfred Jarry, Guillaume Apollinaire<\/em> (1955), trad. fr., Flammarion, 1974.<\/li>\n<li>Siebauer, Jean-Roch, <em>Alfred Jarry, Marcel Duchamp, la machine, le verbe et la pataphysique<\/em>, Th\u00e8se de Doctorat, Lettres, Aix-en-Provence, Universit\u00e9 Aix-Marseille 1, 1995.<\/li>\n<li>Stillman, Linda Klieger, <em>La Th\u00e9\u00e2tralit\u00e9 dans l\u2019\u0153uvre d\u2019Alfred Jarry<\/em>, York (South Carolina), French Literature Publications Company, 1980.<\/li>\n<li>Vega, Maria, <em><a href=\"cyberdoc.univ-lemans.fr\/theses\/2009\/2009LEMA3003_2.pdf\" target=\"_blank\">La Bretagne \u00e0 l\u2019encre<\/a>. Jarry Segalen et Suar\u00e8s\u00a0: une travers\u00e9e culturelle et litt\u00e9raire<\/em>, th\u00e8se de Doctorat, Laval, Universit\u00e9 du Maine, 2009.<\/li>\n<\/ul>\n<h3>Articles et chapitres d\u2019ouvrages<\/h3>\n<ul>\n<li>Beaume, Diana, \u00ab\u00a0Alfred Jarry et le \u201cprincipe de contradiction\u201d\u00a0\u00bb, <em>L\u2019\u00c9toile-Absinthe<\/em>, n<sup>os\u00a0<\/sup>107-108, 2006, p.\u00a011-29.<\/li>\n<li>Beaumont Keith: \u00ab\u00a0Jarry et le catholicisme\u00a0\u00bb, <em>L\u2019\u00c9toile-Absinthe<\/em>, n<sup>os\u00a0<\/sup>25-28, \u00ab\u00a0Jarry et C<sup>ie<\/sup>\u00bb, 1985, p.\u00a011-29.<\/li>\n<li>B\u00e9har, Henri, \u00ab\u00a0Jarry, l\u2019Almanach et le fleuve oral\u00a0\u00bb, <em>L\u2019\u00c9toile-Absinthe<\/em>, n<sup>os\u00a0<\/sup>19-20, 1983, p.\u00a031-39.<\/li>\n<li>Bertrand, Jean-Pierre et Durand, Pascal, \u00ab\u00a0Jarry et les symbolistes. L\u2019archipel fin de si\u00e8cle\u00a0\u00bb, <em>Les Po\u00e8tes de la modernit\u00e9. De Baudelaire \u00e0 Apollinaire<\/em>, \u00c9ditions du Seuil, coll. Points Essais, 2006, p.\u00a0291-303.<\/li>\n<li>Besnier, Patrick, \u00ab\u00a0Deux lettres d\u2019Alfred Jarry \u00e0 Rachilde\u00a0\u00bb, <em>Histoires litt\u00e9raires<\/em>, n<sup>o\u00a0<\/sup>23, juillet-ao\u00fbt-septembre 2005, p.\u00a0115-119.<\/li>\n<li>Bodson, Guy, \u00ab\u00a0Sur les bois qui ne sont pas de Jarry\u00a0\u00bb, <em>L\u2019\u00c9toile-Absinthe<\/em>, n<sup>os\u00a0<\/sup>35-36, 1987, p.\u00a018-27.<\/li>\n<li>Bordillon, Henri, \u00ab\u00a0Saint-Pol-Roux et Jarry\u00a0\u00bb, <em>L\u2019\u00c9toile-Absinthe<\/em>, n<sup>os\u00a0<\/sup>17-18, 1983, p.\u00a028-31.<\/li>\n<li>Breton, Andr\u00e9, \u00ab\u00a0Alfred Jarry initiateur et \u00e9claireur\u00a0\u00bb, <em>La Cl\u00e9 des champs<\/em> (1953), dans <em>\u0152uvres compl\u00e8tes<\/em>, t.\u00a0III, Gallimard, coll. Biblioth\u00e8que de la Pl\u00e9iade, 1999, p.\u00a0914-925.<\/li>\n<li>\u2014, \u00ab\u00a0Alfred Jarry\u00a0\u00bb, <em>Les Pas perdus<\/em> (1924), dans <em>\u0152uvres compl\u00e8tes<\/em>, t.\u00a0I, Gallimard, coll. Biblioth\u00e8que de la Pl\u00e9iade, 1988, p.\u00a0216-226.<\/li>\n<li>Chambe, Fr\u00e9d\u00e9ric, \u00ab\u00a0Jarry, Haeckel, Mon\u00e8re, Bathybius\u00a0\u00bb, <em>L\u2019\u00c9toile-Absinthe<\/em>, n<sup>os\u00a0<\/sup>31-32, 1986, p.\u00a024-27.<\/li>\n<li>\u2014, \u00ab\u00a0Tir\u00e9sias en visite chez Alfred Jarry\u00a0: le Hibou \u201cen \u00e9tat d\u2019acte\u201d\u00a0\u00bb, <em>L\u2019\u00c9toile-Absinthe<\/em>, n<sup>os\u00a0<\/sup>91-92, 2001, p.\u00a05-12.<\/li>\n<li>Dubbelboer, Marieke, \u00ab\u00a0Un univers m\u00e9canique\u00a0: la machine chez Alfred Jarry\u00a0\u00bb, <em>French Studies, <\/em> LVIII, n<sup>o\u00a0<\/sup>4, octobre 2004, p.\u00a0471-483.<\/li>\n<li>Edwards, Paul, \u00ab\u00a0De la typographie au monstre par l\u2019animisme. <em>Le Ch\u00e2teau singulier<\/em> de Remy de Gourmont, et son h\u00e9ritage\u00a0\u00bb,<em> L\u2019\u00c9toile-Absinthe<\/em>, n<sup>os\u00a0<\/sup>83-84, 1999, p.\u00a087-93.<\/li>\n<li>\u2014, \u00ab\u00a0Henri B\u00e9har, <em>La Dramaturgie d\u2019Alfred Jarry<\/em>\u00bb, <em>L\u2019\u00c9toile-Absinthe<\/em>, n<sup>os\u00a0<\/sup>103-104, f\u00e9vrier 2005, p.\u00a0146-148.<\/li>\n<li>\u2014, \u00ab\u00a0L\u2019Imagier d\u2019\u00c9pinal\u00a0\u00bb, <em>L\u2019\u00c9toile-Absinthe<\/em>, n<sup>os\u00a0<\/sup>91-92, 2001, p.\u00a021-31.<\/li>\n<li>\u2014, \u00ab\u00a0Les petits monstres dans les \u0153uvres nostalgiques d\u2019Alfred Jarry\u00a0\u00bb, dans Ochsner, Beate (dir.), <em> Le Monstre 1900\/Jarry. Das Monster 1900<\/em>, Actes du colloque de l\u2019Universit\u00e9 de Mannheim du 1er au 3 f\u00e9vrier 2001, Aachen, Shaker, coll. Medusa-M\u00e9dias, 2002, p.\u00a077-96.<\/li>\n<li>\u2014, \u00ab\u00a0<em>Paph<\/em> est une pi\u00e8ce s\u00e9rieuse\u00a0\u00bb, <em>L\u2019\u00c9toile-Absinthe<\/em>, n<sup>o\u00a0<\/sup>88, 2000, p.\u00a053-63.<\/li>\n<li>Eruli, Brunella, \u00ab\u00a0Le Ph\u00e9nix du texte\u00a0\u00bb, dans Bordillon, Henri (dir.), <em>Alfred Jarry<\/em>, Colloque du Centre culturel international de Cerisy-la-Salle, 27 ao\u00fbt-6 septembre 1981, Pierre Belfond, 1985, p.\u00a0191-203.<\/li>\n<li>\u2014, \u00ab\u00a0Schwob et Jarry\u00a0\u00bb, <em>L\u2019\u00c9toile-Absinthe<\/em>, n<sup>os\u00a0<\/sup>19-20, ao\u00fbt 1984, p.\u00a03-14.<\/li>\n<li>\u2014, \u00ab\u00a0Schwob, Jarry ed altri ribelli\u00a0\u00bb, <em>Saggi e Ricerche di Letteratura Francese<\/em>, vol. XV, p.\u00a0413-448.<\/li>\n<li>Fagus, F\u00e9licien, \u00ab\u00a0Le noy\u00e9 r\u00e9calcitrant\u00a0\u00bb, <em>Les Marges<\/em>, n<sup>o\u00a0<\/sup>91, 15 janvier 1922, p.\u00a08-17.<\/li>\n<li>Favre, Yves-Alain, \u00ab\u00a0Pr\u00e9cisions sur Jarry et Mallarm\u00e9\u00a0\u00bb, <em>L\u2019\u00c9toile-Absinthe<\/em>, n<sup>os\u00a0<\/sup>13-14, mars 1983, p.\u00a023-33.<\/li>\n<li>Gosztola, Matthieu, \u00ab\u00a0Jarry, P\u00e9ladan\u00a0: un dialogue d\u2019initi\u00e9s\u00a0?\u00a0\u00bb, <em>L\u2019\u00c9toile-Absinthe<\/em>, n<sup>os\u00a0<\/sup>111-112, 2006, p.\u00a073-101.<\/li>\n<li>\u2014, \u00ab\u00a0Les math\u00e9matiques, langue la plus abstraite et la plus absolue\u00a0?\u00a0\u00bb, <em>L\u2019\u00c9toile-Absinthe<\/em>, n<sup>os\u00a0<\/sup>107-108, 2006, p.\u00a031-41.<\/li>\n<li>Goujon, Jean-Paul, \u00ab Alfred Jarry, les Symbolistes, et la Mi-Car\u00eame \u00bb, <em>L\u2019\u00c9toile-Absinthe<\/em>, n<sup>o\u00a0<\/sup>4, d\u00e9cembre 1979, p.\u00a058-60.<\/li>\n<li>\u2014, \u00ab\u00a0Fargue et Jarry\u00a0\u00bb, <em>L\u2019\u00c9toile-Absinthe<\/em>, n<sup>os\u00a0<\/sup>43-45, 1989, p.\u00a09-16.<\/li>\n<li>Kalantzis, Alexia, \u00ab\u00a0De la dissociation \u00e0 la pataphysique\u00a0: lumi\u00e8res d\u2019Alfred Jarry et de Remy de Gourmont sur les choses du temps\u00a0\u00bb, <em>L\u2019\u00c9toile-Absinthe<\/em>, n<sup>os\u00a0<\/sup>111-112, 2006, p.\u00a011-23.<\/li>\n<li>Laurenti, Huguette, \u00ab\u00a0Val\u00e9ry et Jarry ou \u201cles mal\u00e9dictions d\u2019univers\u201d\u00a0\u00bb, <em>L\u2019\u00c9toile-Absinthe<\/em>, n<sup>os\u00a0<\/sup>25-28, \u00ab\u00a0Jarry et C<sup>ie<\/sup>\u00bb, 1985, p.\u00a053-65.<\/li>\n<li>Lutembi, \u00ab\u00a0Le Jugement de Lutembi\u00a0\u00bb, <em>Cahiers du coll\u00e8ge de \u2019Pataphysique<\/em>, n<sup>os\u00a0<\/sup>5-6, \u00ab\u00a0La \u2019Pataphysique \u00e0 l\u2019\u00e9poque symboliste\u00a0\u00bb, 22 clinamen 79 E.P.\u00a0[13 avril 1952], p.\u00a0107-110.<\/li>\n<li>Malais, Nicolas, \u00ab\u00a0Amiti\u00e9s et rivalit\u00e9s (typo)graphiques de Remy de Gourmont et Alfred Jarry \u00bb, <em>L\u2019\u00c9toile-Absinthe<\/em>, n<sup>os\u00a0<\/sup>111-112, 2006, p.\u00a025-37.<\/li>\n<li>Markale, Jean, \u00ab La mythologie celtique dans l\u2019ouvre de Jarry \u00bb, <em>L\u2019\u00c9toile-Absinthe<\/em>, n<sup>os\u00a0<\/sup>1-2, mai 1979, p.\u00a099-109.<\/li>\n<li>Mercier, Alain, \u00ab\u00a0Catulle Mend\u00e8s et Alfred Jarry\u00a0\u00bb, <em>L\u2019\u00c9toile-Absinthe<\/em>, n<sup>os\u00a0<\/sup>31-32, 1986, p.\u00a05-10.<\/li>\n<li>Saillet, Maurice, \u00ab\u00a0Jarry et la peur de l\u2019amour\u00a0\u00bb\u00a0; \u00ab\u00a0Consul Romanus\u00a0\u00bb, dans <em>Sur la route de Narcisse<\/em>, Mercure de France, 1958, p.\u00a011-33 et 83-94.<\/li>\n<li>Schuh, Julien, \u00ab\u00a0<a href=\"https:\/\/hal.archives-ouvertes.fr\/hal-00983954\/document\" target=\"_blank\">Alfred Jarry \u00e0 l\u2019assaut du mouvement symboliste<\/a>\u00a0\u00bb, <em>Histoires litt\u00e9raires<\/em>, n<sup>o\u00a0<\/sup>28, octobre-d\u00e9cembre 2006, p.\u00a07-24.<\/li>\n<li>\u2014, \u00a0\u00ab\u00a0<a href=\"https:\/\/hal.archives-ouvertes.fr\/hal-00987675\/document\" target=\"_blank\">D\u00e9cerveler le lecteur\u00a0: anarchisme et communication litt\u00e9raire chez Alfred Jarry<\/a>\u00a0\u00bb, dans Pierre-Jean Dufief et Marie Perrin-Daubard (dir.), <em>Violence politique et litt\u00e9rature au XIX<sup>e<\/sup> si\u00e8cle<\/em>, Le Manuscrit, coll. Recherche et Universit\u00e9, 2012, p.\u00a0339-359.<\/li>\n<li>\u2014, \u00ab\u00a0Fargue e(s)t Jarry\u00a0\u00bb, <em>Ludions<\/em>, n\u00b0 14, 2014, p. 45-57.<\/li>\n<li>\u2014, \u00ab\u00a0Jarry \u00e0 la lumi\u00e8re de la critique (1894-1897)\u00a0\u00bb, <em>L\u2019\u00c9toile-Absinthe<\/em>, n<sup>os\u00a0<\/sup>123-124, 2009-2010, p. 139-162.<\/li>\n<li>\u2014, \u00ab\u00a0Jarry et <em>Le Magasin pittoresque\u00a0<\/em>: une \u00e9rudition famili\u00e8re\u00a0\u00bb, <em>L\u2019\u00c9toile-Absinthe<\/em>, n<sup>os\u00a0<\/sup>123-124, 2010, p. 101-134.<\/li>\n<li>\u2014, \u00ab\u00a0<a href=\"https:\/\/hal.archives-ouvertes.fr\/hal-00987311\/document\" target=\"_blank\">Jarry laur\u00e9at\u00a0: Les concours mensuels de <em>L\u2019\u00c9cho de Paris<\/em> (1892-1894)<\/a>\u00a0\u00bb, dans Jean-Jacques Lefr\u00e8re et Michel Pierssens (\u00e9d.), <em>Des Prix<\/em>, XII<sup>e<\/sup> Colloque des Invalides, 31 octobre 2008, Centre Culturel Canadien, Tusson, Du L\u00e9rot, coll. en marge, 2009, p. 103-122.<\/li>\n<li>\u2014, \u00ab\u00a0Jarry lecteur de B\u00e9roalde de Verville\u00a0\u00bb, <em>L\u2019\u00c9toile-Absinthe<\/em>, n<sup>o\u00a0<\/sup>129, 2012, \u00e0 para\u00eetre.<\/li>\n<li>\u2014, \u00ab\u00a0Les \u0153uvres en miroir de Jarry et de Saint-Pol-Roux \u00bb, <em>L\u2019\u00c9toile-Absinthe<\/em>, n<sup>os\u00a0<\/sup>111-112, 2006, p.\u00a039-59.<\/li>\n<li>\u2014, \u00ab\u00a0<a href=\"https:\/\/hal.archives-ouvertes.fr\/hal-00987289\/document\" target=\"_blank\">Marcel Schwob et Alfred Jarry\u00a0: Des difficult\u00e9s de la synth\u00e8se<\/a>\u00a0\u00bb, <em>Retours \u00e0 Marcel Schwob. D\u2019un si\u00e8cle \u00e0 l\u2019autre (1905-2005)<\/em>, Colloque international \u00ab\u00a0D\u2019un si\u00e8cle \u00e0 l\u2019autre\u00a0: retour \u00e0 Marcel Schwob et \u00e0 Claude Cahun\u00a0\u00bb, 13-20 ao\u00fbt 2005, Cerisy-la-Salle, Rennes, Presses Universitaires de Rennes, coll. Interf\u00e9rences, 2007, p.\u00a0113-125.<\/li>\n<li>\u2014, \u00ab\u00a0<a href=\"https:\/\/hal.archives-ouvertes.fr\/hal-00983972\/document\" target=\"_blank\">Un \u00e9crivain sans imagination. La prose synth\u00e9tique d\u2019Alfred Jarry\u00a0<\/a>\u00bb, <em>Alfred Jarry<\/em>, Com\u00e9die-Fran\u00e7aise \u2013 L\u2019avant-sc\u00e8ne th\u00e9\u00e2tre, coll. Les Nouveaux Cahiers de la Com\u00e9die-Fran\u00e7aise, 2009, p. 38-47.<\/li>\n<li>Siebauer, Jean-Roch, \u00ab\u00a0De quelques digressions autour de \u2261, de =, de + et de \/.\u00a0\u00bb, <em>L\u2019\u00c9toile-Absinthe<\/em>, n<sup>os\u00a0<\/sup>79-80, 1998, p.\u00a04-20.<\/li>\n<li>Simon, Yves, \u00ab\u00a0Jarry et l\u2019Angleterre\u00a0: Monsieur Dieu, Shakespeare et moi\u00a0\u00bb, <em>Europe<\/em>, n<sup>os\u00a0<\/sup>623-624, \u00ab\u00a0Alfred Jarry\u00a0\u00bb, mars-avril 1981, p.\u00a0184-197.<\/li>\n<li>Sineux, Dominique, \u00ab\u00a0Alfred Jarry et Paul Val\u00e9ry. Val\u00e9ry pataphysicien\u00a0\u00bb, <em>L\u2019\u00c9toile-Absinthe<\/em>, n<sup>os\u00a0<\/sup>13-14, mars 1983, p.\u00a016-22.<\/li>\n<li>Stillman, Linda Klieger, \u00ab\u00a0\u201cUbu a cent ans, Jarry est de la revue\u201d. Alfred Jarry critique et homme de revue. Jeux \u2019pataphysiques\u00a0: le hyper et le virtuel\u00a0\u00bb, <em>L\u2019\u00c9toile-Absinthe<\/em>, n<sup>os\u00a0<\/sup>77-78, \u00ab\u00a0Centenaire <em>d\u2019Ubu Roi<\/em>\u00bb, 1998, p.\u00a0197-208.<\/li>\n<li>\u2014, \u00ab\u00a0Le vivant et l\u2019artificiel\u00a0: Jarry, Villiers de l\u2019Isle Adam, Robida\u00a0\u00bb, <em>L\u2019\u00c9toile-Absinthe<\/em>, n<sup>os\u00a0<\/sup>25-28, \u00ab\u00a0Jarry et C<sup>ie<\/sup>\u00bb, 1985, p.\u00a0107-116.<\/li>\n<\/ul>\n","protected":false},"excerpt":{"rendered":"<p>&lt;Bibliographie tir\u00e9e de la th\u00e8se de Julien Schuh Alfred Jarry \u2013 le colin-maillard c\u00e9r\u00e9bral .&gt; Outils bibliographiques Bordillon, Henri, \u00ab\u00a0Bibliographie g\u00e9n\u00e9rale\u00a0\u00bb, dans Alfred Jarry, \u0152uvres compl\u00e8tes, t.\u00a0III, Gallimard, coll. Biblioth\u00e8que de la Pl\u00e9iade, 1988, p.\u00a01021-1047. Brotchie, Alastair, \u00ab\u00a0Jarry et l\u2019Angleterre\u00a0\u00bb, L\u2019\u00c9toile-Absinthe, no\u00a046, 1990, p.\u00a05-17\u00a0; nos\u00a073-74, 1997, p.\u00a04-23. Coll\u00e8ge de \u2019Pataphysique, Promptuaire r\u00e9capitulatif mais int\u00e9gral des &hellip; <a href=\"https:\/\/alfredjarry.fr\/jarry\/?page_id=131\" class=\"more-link\">Continuer la lecture de <span class=\"screen-reader-text\">Bibliographie<\/span><\/a><\/p>\n","protected":false},"author":1,"featured_media":0,"parent":0,"menu_order":0,"comment_status":"closed","ping_status":"closed","template":"","meta":{"footnotes":""},"class_list":["post-131","page","type-page","status-publish","hentry"],"_links":{"self":[{"href":"https:\/\/alfredjarry.fr\/jarry\/index.php?rest_route=\/wp\/v2\/pages\/131","targetHints":{"allow":["GET"]}}],"collection":[{"href":"https:\/\/alfredjarry.fr\/jarry\/index.php?rest_route=\/wp\/v2\/pages"}],"about":[{"href":"https:\/\/alfredjarry.fr\/jarry\/index.php?rest_route=\/wp\/v2\/types\/page"}],"author":[{"embeddable":true,"href":"https:\/\/alfredjarry.fr\/jarry\/index.php?rest_route=\/wp\/v2\/users\/1"}],"replies":[{"embeddable":true,"href":"https:\/\/alfredjarry.fr\/jarry\/index.php?rest_route=%2Fwp%2Fv2%2Fcomments&post=131"}],"version-history":[{"count":5,"href":"https:\/\/alfredjarry.fr\/jarry\/index.php?rest_route=\/wp\/v2\/pages\/131\/revisions"}],"predecessor-version":[{"id":136,"href":"https:\/\/alfredjarry.fr\/jarry\/index.php?rest_route=\/wp\/v2\/pages\/131\/revisions\/136"}],"wp:attachment":[{"href":"https:\/\/alfredjarry.fr\/jarry\/index.php?rest_route=%2Fwp%2Fv2%2Fmedia&parent=131"}],"curies":[{"name":"wp","href":"https:\/\/api.w.org\/{rel}","templated":true}]}}