{"id":153,"date":"2015-06-21T12:30:06","date_gmt":"2015-06-21T12:30:06","guid":{"rendered":"http:\/\/alfredjarry.fr\/jarry\/?page_id=153"},"modified":"2024-01-04T17:14:49","modified_gmt":"2024-01-04T17:14:49","slug":"adhesion","status":"publish","type":"page","link":"https:\/\/alfredjarry.fr\/jarry\/?page_id=153","title":{"rendered":"Adh\u00e9sion"},"content":{"rendered":"\n<p>La cotisation annuelle est fix\u00e9e pour les particuliers \u00e0 30 \u20ac. (20 \u20ac pour les \u00e9tudiants). Cette phynance donne droit aux num\u00e9ros annuels de la revue, y compris les fac-simil\u00e9s, et \u00e0 toutes les informations concernant les activit\u00e9s. Pour tout renseignement, s\u2019adresser \u00e0 : Diana Beaume (secr\u00e9taire), 38 rue des Saints Sauveurs, 92260 Fontenay-aux-roses&nbsp;\u2013 <a href=\"mailto:diana.beaume@free.fr\" target=\"_blank\" rel=\"noopener\">contact mail<\/a>.<\/p>\n\n\n\n<ul class=\"wp-block-list\">\n<li>Cotisation annuelle pour 2015 : 30 \u20ac (Institutions : 100 \u20ac)<\/li>\n\n\n\n<li>Escholiers et ch\u00f4meurs : 20 \u20ac.<\/li>\n\n\n\n<li>Souteneurs : \u00e0 volont\u00e9 \u00e0 partir de 50 \u20ac<\/li>\n\n\n\n<li>Majoration des frais d\u2019envoi pour l\u2019Europe : 8\u20ac \/ pour l\u2019\u00e9tranger lointain : 15 \u20ac<\/li>\n\n\n\n<li>Majoration des frais pour les paiements par virement international : 3 \u20ac<\/li>\n<\/ul>\n\n\n\n<p>Pour adh\u00e9rer, merci de remplir et d&rsquo;envoyer \u00e0 la\u00a0secr\u00e9taire (par courrier ou mail) le\u00a0<a href=\"http:\/\/alfredjarry.fr\/amisjarry\/saaj\/bulletin_adhesion_saaj.pdf\" target=\"_blank\" rel=\"noreferrer noopener\">Bulletin d\u2019adh\u00e9sion<\/a>. Vous pouvez r\u00e9gler votre adh\u00e9sion de trois mani\u00e8res:<\/p>\n\n\n\n<ul class=\"wp-block-list\">\n<li>Par paypal, en s\u00e9lectionnant votre type d&rsquo;abonnement et en cliquant sur le bouton \u00ab\u00a0Souscrire\u00a0\u00bb:<\/li>\n<\/ul>\n\n\n\n<form action=\"https:\/\/www.paypal.com\/cgi-bin\/webscr\" method=\"post\" target=\"_top\"><input name=\"cmd\" type=\"hidden\" value=\"_s-xclick\"><br><input name=\"hosted_button_id\" type=\"hidden\" value=\"7L8ATRJQGHCPY\">\n<table>\n<tbody>\n<tr>\n<td><input name=\"on0\" type=\"hidden\" value=\"Options\">Options<\/td>\n<\/tr>\n<tr>\n<td><select name=\"os0\">\n<option value=\"France\">France : \u20ac30,00 EUR &#8211; annuel<\/option>\n<option value=\"Etudiant\">Etudiant : \u20ac20,00 EUR &#8211; annuel<\/option>\n<option value=\"Europe\">Europe : \u20ac38,00 EUR &#8211; annuel<\/option>\n<option value=\"Monde\">Monde : \u20ac45,00 EUR &#8211; annuel<\/option>\n<option value=\"Soutien\">Soutien : \u20ac50,00 EUR &#8211; annuel<\/option>\n<\/select><\/td>\n<\/tr>\n<\/tbody>\n<\/table>\n<figure><img loading=\"lazy\" decoding=\"async\" src=\"https:\/\/www.paypalobjects.com\/fr_FR\/i\/scr\/pixel.gif\" alt=\"\" width=\"1\" height=\"1\" border=\"0\"><\/figure><p><input name=\"currency_code\" type=\"hidden\" value=\"EUR\"><br><input alt=\"PayPal - la solution de paiement en ligne la plus simple et la plus s\u00e9curis\u00e9e !\" name=\"submit\" src=\"https:\/\/www.paypalobjects.com\/fr_FR\/FR\/i\/btn\/btn_subscribeCC_LG.gif\" type=\"image\"><br><\/p>\n<\/form>\n\n\n\n<ul class=\"wp-block-list\">\n<li>Par ch\u00e8que \u00e0 l\u2019ordre de la \u00ab\u00a0Soci\u00e9t\u00e9 des Amis d\u2019Alfred Jarry\u00a0\u00bb, en euro, \u00e0 exp\u00e9dier \u00e0 la\u00a0secr\u00e9taire (Diana Beaume,\u00a0<b>38 rue des Saints Sauveurs, 92260 Fontenay-aux-roses<\/b>).<\/li>\n\n\n\n<li>Par virement (accompagn\u00e9 d\u2019un message \u00e0 la&nbsp;secr\u00e9taire comportant vos coordonn\u00e9es)&nbsp;: IBAN: FR76 1027 8065 0000 0204 1440 128&nbsp;; BIC: CMCIFR2A&nbsp;; CME PARIS QUARTIER LATIN.<\/li>\n<\/ul>\n","protected":false},"excerpt":{"rendered":"<p>La cotisation annuelle est fix\u00e9e pour les particuliers \u00e0 30 \u20ac. (20 \u20ac pour les \u00e9tudiants). Cette phynance donne droit aux num\u00e9ros annuels de la revue, y compris les fac-simil\u00e9s, et \u00e0 toutes les informations concernant les activit\u00e9s. Pour tout renseignement, s\u2019adresser \u00e0 : Diana Beaume (secr\u00e9taire), 38 rue des Saints Sauveurs, 92260 Fontenay-aux-roses&nbsp;\u2013 contact &hellip; <a href=\"https:\/\/alfredjarry.fr\/jarry\/?page_id=153\" class=\"more-link\">Continuer la lecture de <span class=\"screen-reader-text\">Adh\u00e9sion<\/span><\/a><\/p>\n","protected":false},"author":1,"featured_media":0,"parent":0,"menu_order":0,"comment_status":"closed","ping_status":"closed","template":"","meta":{"footnotes":""},"class_list":["post-153","page","type-page","status-publish","hentry"],"_links":{"self":[{"href":"https:\/\/alfredjarry.fr\/jarry\/index.php?rest_route=\/wp\/v2\/pages\/153","targetHints":{"allow":["GET"]}}],"collection":[{"href":"https:\/\/alfredjarry.fr\/jarry\/index.php?rest_route=\/wp\/v2\/pages"}],"about":[{"href":"https:\/\/alfredjarry.fr\/jarry\/index.php?rest_route=\/wp\/v2\/types\/page"}],"author":[{"embeddable":true,"href":"https:\/\/alfredjarry.fr\/jarry\/index.php?rest_route=\/wp\/v2\/users\/1"}],"replies":[{"embeddable":true,"href":"https:\/\/alfredjarry.fr\/jarry\/index.php?rest_route=%2Fwp%2Fv2%2Fcomments&post=153"}],"version-history":[{"count":14,"href":"https:\/\/alfredjarry.fr\/jarry\/index.php?rest_route=\/wp\/v2\/pages\/153\/revisions"}],"predecessor-version":[{"id":217,"href":"https:\/\/alfredjarry.fr\/jarry\/index.php?rest_route=\/wp\/v2\/pages\/153\/revisions\/217"}],"wp:attachment":[{"href":"https:\/\/alfredjarry.fr\/jarry\/index.php?rest_route=%2Fwp%2Fv2%2Fmedia&parent=153"}],"curies":[{"name":"wp","href":"https:\/\/api.w.org\/{rel}","templated":true}]}}