{"id":262,"date":"2024-12-24T10:13:10","date_gmt":"2024-12-24T10:13:10","guid":{"rendered":"https:\/\/alfredjarry.fr\/jarry\/?page_id=262"},"modified":"2025-09-10T08:51:59","modified_gmt":"2025-09-10T08:51:59","slug":"collection-romans-fin-de-siecle-romans-davant-garde","status":"publish","type":"page","link":"https:\/\/alfredjarry.fr\/jarry\/?page_id=262","title":{"rendered":"Collection Romans fin-de-si\u00e8cle \/ Romans d\u2019avant-garde"},"content":{"rendered":"\n<p>La collection \u00ab\u00a0Romans fin-de-si\u00e8cle \/ Romans d&rsquo;avant-garde\u00a0\u00bb, port\u00e9e par Du L\u00e9rot, <em>\u00e9diteur<\/em> et la Soci\u00e9t\u00e9 des Amis d&rsquo;Alfred Jarry et dirig\u00e9e par Yosuk\u00e9 Goda et Julien Schuh, invite \u00e0 red\u00e9couvrir des \u0153uvres singuli\u00e8res de la litt\u00e9rature fran\u00e7aise du tournant des XIXe et XXe si\u00e8cles. Chaque ouvrage b\u00e9n\u00e9ficie d&rsquo;une \u00e9dition critique rigoureuse, enrichie d&rsquo;annotations, d&rsquo;une pr\u00e9face et de documents d&rsquo;\u00e9poque.<\/p>\n\n\n\n<p><a href=\"https:\/\/forms.gle\/JLpqCuxzhLzg2CGC6\">Fiche de souscription<\/a><\/p>\n\n\n\n<h3 class=\"wp-block-heading\">P\u00e9ladan, <em>Istar<\/em>, \u00e9dition critique, annot\u00e9e et pr\u00e9fac\u00e9e par Samuel Kunkel, 2024<\/h3>\n\n\n<div class=\"wp-block-image\">\n<figure class=\"aligncenter size-full is-resized\"><a href=\"http:\/\/alfredjarry.fr\/jarry\/wp-content\/uploads\/2024\/12\/124090_42b1f58f6b82b193e24b4d25423eafd5.jpg.webp\"><img loading=\"lazy\" decoding=\"async\" width=\"800\" height=\"800\" src=\"http:\/\/alfredjarry.fr\/jarry\/wp-content\/uploads\/2024\/12\/124090_42b1f58f6b82b193e24b4d25423eafd5.jpg.webp\" alt=\"\" class=\"wp-image-256\" style=\"width:377px;height:auto\" srcset=\"https:\/\/alfredjarry.fr\/jarry\/wp-content\/uploads\/2024\/12\/124090_42b1f58f6b82b193e24b4d25423eafd5.jpg.webp 800w, https:\/\/alfredjarry.fr\/jarry\/wp-content\/uploads\/2024\/12\/124090_42b1f58f6b82b193e24b4d25423eafd5.jpg-300x300.webp 300w, https:\/\/alfredjarry.fr\/jarry\/wp-content\/uploads\/2024\/12\/124090_42b1f58f6b82b193e24b4d25423eafd5.jpg-150x150.webp 150w, https:\/\/alfredjarry.fr\/jarry\/wp-content\/uploads\/2024\/12\/124090_42b1f58f6b82b193e24b4d25423eafd5.jpg-768x768.webp 768w, https:\/\/alfredjarry.fr\/jarry\/wp-content\/uploads\/2024\/12\/124090_42b1f58f6b82b193e24b4d25423eafd5.jpg-200x200.webp 200w, https:\/\/alfredjarry.fr\/jarry\/wp-content\/uploads\/2024\/12\/124090_42b1f58f6b82b193e24b4d25423eafd5.jpg-350x350.webp 350w, https:\/\/alfredjarry.fr\/jarry\/wp-content\/uploads\/2024\/12\/124090_42b1f58f6b82b193e24b4d25423eafd5.jpg-100x100.webp 100w\" sizes=\"auto, (max-width: 800px) 100vw, 800px\" \/><\/a><\/figure><\/div>\n\n\n<p>Jos\u00e9phin P\u00e9ladan fit scandale en 1888 avec la parution d\u2019<em>Istar<\/em>, le cinqui\u00e8me volume de son \u00ab \u00e9thop\u00e9e \u00bb litt\u00e9raire, La D\u00e9cadence latine, o\u00f9 il expose ses th\u00e9ories singuli\u00e8res sur la magie et la morale. Attaque contre la soci\u00e9t\u00e9 bourgeoise de son temps doubl\u00e9e d\u2019une improbable histoire d\u2019amour, le roman de cet ap\u00f4tre de l\u2019occulte catholique, jamais r\u00e9\u00e9dit\u00e9 depuis 1893, continue de surprendre par son audace. Cette premi\u00e8re \u00e9dition critique permet enfin de le red\u00e9couvrir dans toute son originalit\u00e9 et sa complexit\u00e9.<\/p>\n\n\n\n<ul class=\"wp-block-list\">\n<li>ISBN : 978-2-35548-185-7<\/li>\n\n\n\n<li>Format : 15 x 22 cm<\/li>\n\n\n\n<li>Pagination : 456 pages<\/li>\n\n\n\n<li>Prix public : 30 \u20ac<\/li>\n<\/ul>\n\n\n\n<h3 class=\"wp-block-heading\">Gabriel Mourey, <em>L\u2019Embarquement pour Ailleurs<\/em>, \u00e9dition critique, annot\u00e9e et pr\u00e9fac\u00e9e par \u00c9vangh\u00e9lia Stead, 2024<\/h3>\n\n\n\n<figure class=\"wp-block-image size-large\"><a href=\"https:\/\/alfredjarry.fr\/jarry\/wp-content\/uploads\/2025\/01\/PXL_20250118_142314696-scaled.jpg\"><img loading=\"lazy\" decoding=\"async\" width=\"1024\" height=\"768\" src=\"https:\/\/alfredjarry.fr\/jarry\/wp-content\/uploads\/2025\/01\/PXL_20250118_142314696-1024x768.jpg\" alt=\"\" class=\"wp-image-273\" srcset=\"https:\/\/alfredjarry.fr\/jarry\/wp-content\/uploads\/2025\/01\/PXL_20250118_142314696-1024x768.jpg 1024w, https:\/\/alfredjarry.fr\/jarry\/wp-content\/uploads\/2025\/01\/PXL_20250118_142314696-300x225.jpg 300w, https:\/\/alfredjarry.fr\/jarry\/wp-content\/uploads\/2025\/01\/PXL_20250118_142314696-768x576.jpg 768w, https:\/\/alfredjarry.fr\/jarry\/wp-content\/uploads\/2025\/01\/PXL_20250118_142314696-1536x1152.jpg 1536w, https:\/\/alfredjarry.fr\/jarry\/wp-content\/uploads\/2025\/01\/PXL_20250118_142314696-2048x1536.jpg 2048w\" sizes=\"auto, (max-width: 1024px) 100vw, 1024px\" \/><\/a><\/figure>\n\n\n\n<p>\u00ab Roman ing\u00e9nieux et subtil \u00bb ou \u00ab fi\u00e9vreux recueil de po\u00e8mes en prose \u00bb ? <em>L\u2019Embarquement pour Ailleurs<\/em> de Gabriel Mourey (1892) brave les cat\u00e9gorisations litt\u00e9raires et esth\u00e9tiques en associant vis\u00e9e romanesque, lyrisme exacerb\u00e9 et th\u00e9\u00e2tre. Mourey, lui-m\u00eame wagn\u00e9rien et m\u00e9lomane, aspire avec ce texte in\u00e9dit \u00e0 la synth\u00e8se des arts du symbolisme en appelant \u00e0 une \u00ab glose symphonique \u00bb de son ami Debussy. Il multiplie les d\u00e9fis dans un texte inclassable : il tue l\u2019intrigue dans l\u2019\u0153uf, d\u00e9double son personnage, met \u00e0 mal le terme de \u00ab Document \u00bb, greffe sur le symbolisme les audaces de la D\u00e9cadence, exasp\u00e8re le fait divers par la sensation et l\u2019inconscient, pousse le lyrisme \u00e0 la cacophonie, franchit les limites de la fiction par une mise en abyme audacieuse, invite m\u00eame \u00e0 lire \u00e0 rebours.&nbsp;<\/p>\n\n\n\n<p>Cette \u00e9dition critique propose de d\u00e9couvrir les hardiesses litt\u00e9raires, esth\u00e9tiques et typographiques d\u2019un texte d\u2019avant-garde. Elle le replace dans le climat d\u2019\u00e9poque et le situe dans le roman du jeune homme fin-de-si\u00e8cle. Dix-sept annonces et comptes rendus retrouv\u00e9s offrent un miroir des d\u00e9bats qui traversent la litt\u00e9rature de l\u2019\u00e9poque sur le r\u00f4le des lettres dans la vie et l\u2019art. Gabriel Mourey d\u00e9bauche avec <em>L\u2019Embarquement<\/em> la chronique de presse. Un dossier sur son atelier d\u2019\u00e9crivain invite \u00e0 d\u00e9couvrir sa plume versatile et \u00e0 ins\u00e9rer les pratiques fin-de-si\u00e8cle dans les transactions culturelles et m\u00e9diatiques \u00e0 large \u00e9chelle. Plusieurs annexes pr\u00e9cisent les allusions et montrent Mourey pleinement conscient de la confiance d\u00e9pos\u00e9e en lui par un Joris-Karl Huysmans.<\/p>\n\n\n\n<ul class=\"wp-block-list\">\n<li>ISBN : 978-2-35548-192-5<\/li>\n\n\n\n<li>Format : 15 x 22 cm<\/li>\n\n\n\n<li>Pagination : 280 pages<\/li>\n\n\n\n<li>Prix public : 24 \u20ac<\/li>\n<\/ul>\n\n\n\n<h3 class=\"wp-block-heading\">Rachilde, <em>La Sanglante Ironie<\/em>, \u00e9dition critique, annot\u00e9e et pr\u00e9fac\u00e9e par Helen Craske, 2025<\/h3>\n\n\n<div class=\"wp-block-image\">\n<figure class=\"aligncenter size-large is-resized\"><a href=\"https:\/\/alfredjarry.fr\/jarry\/wp-content\/uploads\/2025\/09\/Rachilde-Sanglante-ironie.jpg\"><img loading=\"lazy\" decoding=\"async\" width=\"687\" height=\"1024\" src=\"https:\/\/alfredjarry.fr\/jarry\/wp-content\/uploads\/2025\/09\/Rachilde-Sanglante-ironie-687x1024.jpg\" alt=\"\" class=\"wp-image-280\" style=\"width:279px;height:auto\" srcset=\"https:\/\/alfredjarry.fr\/jarry\/wp-content\/uploads\/2025\/09\/Rachilde-Sanglante-ironie-687x1024.jpg 687w, https:\/\/alfredjarry.fr\/jarry\/wp-content\/uploads\/2025\/09\/Rachilde-Sanglante-ironie-201x300.jpg 201w, https:\/\/alfredjarry.fr\/jarry\/wp-content\/uploads\/2025\/09\/Rachilde-Sanglante-ironie-768x1145.jpg 768w, https:\/\/alfredjarry.fr\/jarry\/wp-content\/uploads\/2025\/09\/Rachilde-Sanglante-ironie-1030x1536.jpg 1030w, https:\/\/alfredjarry.fr\/jarry\/wp-content\/uploads\/2025\/09\/Rachilde-Sanglante-ironie.jpg 1246w\" sizes=\"auto, (max-width: 687px) 100vw, 687px\" \/><\/a><\/figure><\/div>\n\n\n<p>Publi\u00e9 en 1891,&nbsp;<em>La Sanglante Ironie&nbsp;<\/em>de Rachilde met en sc\u00e8ne un meurtrier emprisonn\u00e9 qui raconte sa vie, tout en valorisant la mort comme une fin esth\u00e9tique et morale en soi. M\u00e9langeant et d\u00e9jouant les r\u00e8gles de genre et d\u2019\u00e9cole, cet ouvrage est \u00e0 la fois&nbsp;<em>Bildungsroman<\/em>, roman d\u00e9cadent, roman psychologique, et roman criminel. \u00c0 travers son histoire, Rachilde \u2013 surnomm\u00e9e la \u00ab&nbsp;Reine des D\u00e9cadents&nbsp;\u00bb \u00e0 l\u2019\u00e9poque \u2013 d\u00e9peint la folie, l\u2019innocence perdue et la sexualit\u00e9 morbide. En m\u00eame temps, elle satirise la soci\u00e9t\u00e9 p\u00e9rigourdine de sa propre enfance et l\u2019attrait mythique de Paris comme centre de culture et comme milieu pour \u00ab&nbsp;arriver&nbsp;\u00bb. Cet aspect satirique, plus subtil que le reste, d\u00e9montre la propension pour l\u2019ironie et l\u2019auto-analyse chez les romanciers de l\u2019avant-garde \u00e0 la fin du dix-neuvi\u00e8me si\u00e8cle. Il ajoute une rondelle de citron \u2013 le piquant acerbe \u2013 \u00e0 ce cocktail de liqueurs fortes qu\u2019est un roman de Rachilde.<\/p>\n\n\n\n<ul class=\"wp-block-list\">\n<li>ISBN : 978-2-35548-191-8<\/li>\n\n\n\n<li>Format : 15 x 22 cm<\/li>\n\n\n\n<li>Pagination : 320 pages<\/li>\n\n\n\n<li>Prix public : 20 \u20ac<\/li>\n\n\n\n<li>Prix souscripteur : 14 \u20ac<\/li>\n<\/ul>\n\n\n\n<h3 class=\"wp-block-heading\">Gustave Kahn, <em>Le Conte de l\u2019Or et du Silence<\/em>, \u00e9dition critique pr\u00e9fac\u00e9e par Richard Shryock et Samuel Kunkel, 2025<\/h3>\n\n\n\n<p>Chef de file dans l&rsquo;avant-garde po\u00e9tique et th\u00e9oricien du vers libre, Gustave Kahn publia\u00a0<em>Le Conte de l\u2019or et du silence<\/em>\u00a0en 1898,\u00a0brouillant\u00a0les conventions du roman\u00a0au nom de l&rsquo;esth\u00e9tique symboliste.\u00a0Avec un langage qui s\u2019apparente davantage \u00e0 la po\u00e9sie qu&rsquo;\u00e0 la prose, ce \u00ab\u00a0conte lyrique et mythique\u00a0\u00bb s\u2019inspire d\u2019un m\u00e9lange de traditions bibliques, grecques, orientales et arthuriennes. Mais Kahn se d\u00e9barrasse\u00a0aussi des conventions de la narration\u00a0: on y\u00a0suit le parcours \u00e9nigmatique du roi Balthazar \u00e0 travers le temps et l&rsquo;espace, naviguant plusieurs si\u00e8cles et plusieurs cadres \u2013 bibliques et moyen\u00e2geux.\u00a0\u0152uvre complexe et \u00e9l\u00e9gante d&rsquo;hier et d&rsquo;aujourd&rsquo;hui, Henri Gh\u00e9on signera sa\u00a0sophistication en ces\u00a0mots\u00a0: \u00ab [Le Conte] n\u2019a pas d\u2019analogue dans notre litt\u00e9rature et manifeste une volont\u00e9 de complication artistique sans exemple.\u00a0\u00bb\u00a0Cette r\u00e9\u00e9dition, la premi\u00e8re depuis sa parution, est agr\u00e9ment\u00e9e d\u2019une introduction fournissant des clefs de lecture permettant de (re)d\u00e9couvrir ce\u00a0chef-d&rsquo;\u0153uvre\u00a0de la prose finis\u00e9culaire dans toute sa richesse.\u00a0<\/p>\n\n\n\n<ul class=\"wp-block-list\">\n<li>ISBN : 978-2-35548-199-4<\/li>\n\n\n\n<li>Format : 15 x 22 cm<\/li>\n\n\n\n<li>Pagination: 246 pages<\/li>\n\n\n\n<li>Prix public: 20 \u20ac<\/li>\n\n\n\n<li>Prix souscripteur : 14 \u20ac<\/li>\n<\/ul>\n","protected":false},"excerpt":{"rendered":"<p>La collection \u00ab\u00a0Romans fin-de-si\u00e8cle \/ Romans d&rsquo;avant-garde\u00a0\u00bb, port\u00e9e par Du L\u00e9rot, \u00e9diteur et la Soci\u00e9t\u00e9 des Amis d&rsquo;Alfred Jarry et dirig\u00e9e par Yosuk\u00e9 Goda et Julien Schuh, invite \u00e0 red\u00e9couvrir des \u0153uvres singuli\u00e8res de la litt\u00e9rature fran\u00e7aise du tournant des XIXe et XXe si\u00e8cles. Chaque ouvrage b\u00e9n\u00e9ficie d&rsquo;une \u00e9dition critique rigoureuse, enrichie d&rsquo;annotations, d&rsquo;une pr\u00e9face &hellip; <a href=\"https:\/\/alfredjarry.fr\/jarry\/?page_id=262\" class=\"more-link\">Continuer la lecture de <span class=\"screen-reader-text\">Collection Romans fin-de-si\u00e8cle \/ Romans d\u2019avant-garde<\/span><\/a><\/p>\n","protected":false},"author":1,"featured_media":0,"parent":0,"menu_order":0,"comment_status":"closed","ping_status":"closed","template":"","meta":{"footnotes":""},"class_list":["post-262","page","type-page","status-publish","hentry"],"_links":{"self":[{"href":"https:\/\/alfredjarry.fr\/jarry\/index.php?rest_route=\/wp\/v2\/pages\/262","targetHints":{"allow":["GET"]}}],"collection":[{"href":"https:\/\/alfredjarry.fr\/jarry\/index.php?rest_route=\/wp\/v2\/pages"}],"about":[{"href":"https:\/\/alfredjarry.fr\/jarry\/index.php?rest_route=\/wp\/v2\/types\/page"}],"author":[{"embeddable":true,"href":"https:\/\/alfredjarry.fr\/jarry\/index.php?rest_route=\/wp\/v2\/users\/1"}],"replies":[{"embeddable":true,"href":"https:\/\/alfredjarry.fr\/jarry\/index.php?rest_route=%2Fwp%2Fv2%2Fcomments&post=262"}],"version-history":[{"count":13,"href":"https:\/\/alfredjarry.fr\/jarry\/index.php?rest_route=\/wp\/v2\/pages\/262\/revisions"}],"predecessor-version":[{"id":282,"href":"https:\/\/alfredjarry.fr\/jarry\/index.php?rest_route=\/wp\/v2\/pages\/262\/revisions\/282"}],"wp:attachment":[{"href":"https:\/\/alfredjarry.fr\/jarry\/index.php?rest_route=%2Fwp%2Fv2%2Fmedia&parent=262"}],"curies":[{"name":"wp","href":"https:\/\/api.w.org\/{rel}","templated":true}]}}