{"id":297,"date":"2026-01-14T08:40:18","date_gmt":"2026-01-14T08:40:18","guid":{"rendered":"https:\/\/alfredjarry.fr\/jarry\/?page_id=297"},"modified":"2026-01-14T09:02:22","modified_gmt":"2026-01-14T09:02:22","slug":"amours-monstres-une-soiree-avec-rachilde","status":"publish","type":"page","link":"https:\/\/alfredjarry.fr\/jarry\/?page_id=297","title":{"rendered":"Amours Monstres : Une soir\u00e9e avec Rachilde"},"content":{"rendered":"\n<p><strong>Samedi 17 janvier 2026, 19h30<\/strong><br>Librairie Les Apprentis<br>20 rue de l&rsquo;\u00c9cole Polytechnique, Paris 5e<\/p>\n\n\n\n<p class=\"has-text-align-center\"><strong>Franck Javourez &amp; Julien Schuh pr\u00e9sentent<\/strong><\/p>\n\n\n\n<p class=\"has-text-align-center\"><em><strong>Amours Monstres<\/strong><\/em> <strong>de Rachilde<\/strong><\/p>\n\n\n\n<p class=\"has-text-align-center\"><strong>\u00c9ditions Bouquins<\/strong><\/p>\n\n\n\n<p>C\u00e9l\u00e8bre pour <em>Monsieur V\u00e9nus<\/em>, roman qui fit scandale en 1884, Rachilde (1860-1953) a travers\u00e9 sept d\u00e9cennies d&rsquo;\u00e9criture, explorant tous les genres : contes, nouvelles, romans d&rsquo;imagination et autobiographiques, pamphlets, souvenirs.<\/p>\n\n\n\n<p>Ces <em>Amours monstres<\/em> offrent pour la premi\u00e8re fois une vision d&rsquo;ensemble de son \u0153uvre.<\/p>\n\n\n\n<h4 class=\"wp-block-heading\">Programme<\/h4>\n\n\n\n<p><strong>Pr\u00e9sentation du volume <em>Amours monstres<\/em><\/strong><br>Franck Javourez &amp; Julien Schuh<\/p>\n\n\n\n<p>Gen\u00e8se du projet, choix \u00e9ditoriaux et red\u00e9couverte d&rsquo;une \u0153uvre prot\u00e9iforme. Pourquoi lire Rachilde aujourd&rsquo;hui ? Entre transgression, critique acerbe de la soci\u00e9t\u00e9 bourgeoise et invention d&rsquo;une langue singuli\u00e8re.<\/p>\n\n\n\n<p><strong>Lectures<\/strong><br>Extraits choisis des <em>Amours monstres<\/em><\/p>\n\n\n\n<p><strong>\u00c9change avec le public<\/strong><\/p>\n\n\n\n<p><strong>Verre<\/strong><\/p>\n\n\n\n<h4 class=\"wp-block-heading\">Infos pratiques<\/h4>\n\n\n\n<ul class=\"wp-block-list\">\n<li><strong>Date &amp; heure<\/strong> : samedi 17 janvier 2026, 19h30<\/li>\n\n\n\n<li><strong>Lieu<\/strong> : Librairie Les Apprentis, 20 rue de l&rsquo;\u00c9cole Polytechnique, 75005 Paris<\/li>\n\n\n\n<li><strong>Entr\u00e9e libre<\/strong> dans la limite des places disponibles<\/li>\n<\/ul>\n\n\n\n<figure class=\"wp-block-image size-full\"><a href=\"https:\/\/alfredjarry.fr\/jarry\/wp-content\/uploads\/2026\/01\/Rachilde_17janvier2026.jpg\"><img loading=\"lazy\" decoding=\"async\" width=\"8408\" height=\"11893\" src=\"https:\/\/alfredjarry.fr\/jarry\/wp-content\/uploads\/2026\/01\/Rachilde_17janvier2026.jpg\" alt=\"\" class=\"wp-image-298\"\/><\/a><\/figure>\n","protected":false},"excerpt":{"rendered":"<p>Samedi 17 janvier 2026, 19h30Librairie Les Apprentis20 rue de l&rsquo;\u00c9cole Polytechnique, Paris 5e Franck Javourez &amp; Julien Schuh pr\u00e9sentent Amours Monstres de Rachilde \u00c9ditions Bouquins C\u00e9l\u00e8bre pour Monsieur V\u00e9nus, roman qui fit scandale en 1884, Rachilde (1860-1953) a travers\u00e9 sept d\u00e9cennies d&rsquo;\u00e9criture, explorant tous les genres : contes, nouvelles, romans d&rsquo;imagination et autobiographiques, pamphlets, souvenirs. &hellip; <a href=\"https:\/\/alfredjarry.fr\/jarry\/?page_id=297\" class=\"more-link\">Continuer la lecture de <span class=\"screen-reader-text\">Amours Monstres : Une soir\u00e9e avec Rachilde<\/span><\/a><\/p>\n","protected":false},"author":1,"featured_media":298,"parent":0,"menu_order":0,"comment_status":"closed","ping_status":"closed","template":"","meta":{"footnotes":""},"class_list":["post-297","page","type-page","status-publish","has-post-thumbnail","hentry"],"_links":{"self":[{"href":"https:\/\/alfredjarry.fr\/jarry\/index.php?rest_route=\/wp\/v2\/pages\/297","targetHints":{"allow":["GET"]}}],"collection":[{"href":"https:\/\/alfredjarry.fr\/jarry\/index.php?rest_route=\/wp\/v2\/pages"}],"about":[{"href":"https:\/\/alfredjarry.fr\/jarry\/index.php?rest_route=\/wp\/v2\/types\/page"}],"author":[{"embeddable":true,"href":"https:\/\/alfredjarry.fr\/jarry\/index.php?rest_route=\/wp\/v2\/users\/1"}],"replies":[{"embeddable":true,"href":"https:\/\/alfredjarry.fr\/jarry\/index.php?rest_route=%2Fwp%2Fv2%2Fcomments&post=297"}],"version-history":[{"count":4,"href":"https:\/\/alfredjarry.fr\/jarry\/index.php?rest_route=\/wp\/v2\/pages\/297\/revisions"}],"predecessor-version":[{"id":304,"href":"https:\/\/alfredjarry.fr\/jarry\/index.php?rest_route=\/wp\/v2\/pages\/297\/revisions\/304"}],"wp:featuredmedia":[{"embeddable":true,"href":"https:\/\/alfredjarry.fr\/jarry\/index.php?rest_route=\/wp\/v2\/media\/298"}],"wp:attachment":[{"href":"https:\/\/alfredjarry.fr\/jarry\/index.php?rest_route=%2Fwp%2Fv2%2Fmedia&parent=297"}],"curies":[{"name":"wp","href":"https:\/\/api.w.org\/{rel}","templated":true}]}}