{"id":4,"date":"2015-01-27T08:40:36","date_gmt":"2015-01-27T08:40:36","guid":{"rendered":"http:\/\/alfredjarry.fr\/jarry\/?page_id=4"},"modified":"2024-01-04T18:17:39","modified_gmt":"2024-01-04T18:17:39","slug":"linteau","status":"publish","type":"page","link":"https:\/\/alfredjarry.fr\/jarry\/","title":{"rendered":"Linteau"},"content":{"rendered":"\n<p>Bienvenue sur le site de la Soci\u00e9t\u00e9 des Amis d\u2019Alfred Jarry. La <a title=\"Soci\u00e9t\u00e9 des Amis d\u2019Alfred Jarry\" href=\"http:\/\/alfredjarry.fr\/jarry\/?page_id=46\">SAAJ<\/a> est une association cr\u00e9e en 1979 autour d\u2019une revue, l\u2019<i>\u00c9toile-Absinthe<\/i>, consacr\u00e9e \u00e0 l\u2019\u00e9tude de l\u2019\u0153uvre de celui que l\u2019on a trop vite r\u00e9duit \u00e0 son personnage de P\u00e8re Ubu. Vous trouverez ici des \u00e9l\u00e9ments de <a title=\"Bibliographie\" href=\"http:\/\/alfredjarry.fr\/jarry\/?page_id=131\">bibliographie<\/a>, dont les <a title=\"L\u2019\u00c9toile-Absinthe\" href=\"http:\/\/alfredjarry.fr\/jarry\/?page_id=18\">textes des num\u00e9ros de la revue de l\u2019association<\/a>, des \u0153uvres en lignes, etc.<\/p>\n\n\n\n<p>Pour adh\u00e9rer \u00e0 la SAAJ, voir la page <a href=\"http:\/\/alfredjarry.fr\/jarry\/?page_id=153\">Adh\u00e9sion<\/a><\/p>\n\n\n\n<p>La totalit\u00e9 des num\u00e9ros de la revue de la Soci\u00e9t\u00e9 des Amis d&rsquo;Alfred Jarry, <em>L&rsquo;\u00c9toile-Absinthe<\/em>, est disponible\u00a0<a title=\"L\u2019\u00c9toile-Absinthe\" href=\"http:\/\/alfredjarry.fr\/jarry\/?page_id=18\">sur notre site <\/a>(\u00e0 l&rsquo;exception des num\u00e9ros de moins de cinq ans, des catalogues et des reprints).<\/p>\n\n\n\n<p>Mise en ligne en divers formats (pdf, epub)\u00a0des <a title=\"Biblioth\u00e8que faustrollienne\" href=\"http:\/\/alfredjarry.fr\/jarry\/?page_id=58\">Livres Pairs du <em>Faustroll<\/em><\/a>, dont\u00a0<em>L&rsquo;Heure sexuelle<\/em> de Rachilde.<\/p>\n\n\n\n<div style=\"text-align: justify;\" align=\"center\">Contact: <a href=\"mailto:diana.beaume@free.fr\">Diana Beaume, secr\u00e9taire de la SAAJ<\/a><\/div>\n","protected":false},"excerpt":{"rendered":"<p>Bienvenue sur le site de la Soci\u00e9t\u00e9 des Amis d\u2019Alfred Jarry. La SAAJ est une association cr\u00e9e en 1979 autour d\u2019une revue, l\u2019\u00c9toile-Absinthe, consacr\u00e9e \u00e0 l\u2019\u00e9tude de l\u2019\u0153uvre de celui que l\u2019on a trop vite r\u00e9duit \u00e0 son personnage de P\u00e8re Ubu. Vous trouverez ici des \u00e9l\u00e9ments de bibliographie, dont les textes des num\u00e9ros de &hellip; <a href=\"https:\/\/alfredjarry.fr\/jarry\/\" class=\"more-link\">Continuer la lecture de <span class=\"screen-reader-text\">Linteau<\/span><\/a><\/p>\n","protected":false},"author":1,"featured_media":0,"parent":0,"menu_order":0,"comment_status":"open","ping_status":"open","template":"","meta":{"footnotes":""},"class_list":["post-4","page","type-page","status-publish","hentry"],"_links":{"self":[{"href":"https:\/\/alfredjarry.fr\/jarry\/index.php?rest_route=\/wp\/v2\/pages\/4","targetHints":{"allow":["GET"]}}],"collection":[{"href":"https:\/\/alfredjarry.fr\/jarry\/index.php?rest_route=\/wp\/v2\/pages"}],"about":[{"href":"https:\/\/alfredjarry.fr\/jarry\/index.php?rest_route=\/wp\/v2\/types\/page"}],"author":[{"embeddable":true,"href":"https:\/\/alfredjarry.fr\/jarry\/index.php?rest_route=\/wp\/v2\/users\/1"}],"replies":[{"embeddable":true,"href":"https:\/\/alfredjarry.fr\/jarry\/index.php?rest_route=%2Fwp%2Fv2%2Fcomments&post=4"}],"version-history":[{"count":13,"href":"https:\/\/alfredjarry.fr\/jarry\/index.php?rest_route=\/wp\/v2\/pages\/4\/revisions"}],"predecessor-version":[{"id":228,"href":"https:\/\/alfredjarry.fr\/jarry\/index.php?rest_route=\/wp\/v2\/pages\/4\/revisions\/228"}],"wp:attachment":[{"href":"https:\/\/alfredjarry.fr\/jarry\/index.php?rest_route=%2Fwp%2Fv2%2Fmedia&parent=4"}],"curies":[{"name":"wp","href":"https:\/\/api.w.org\/{rel}","templated":true}]}}