{"id":54,"date":"2015-01-27T19:41:47","date_gmt":"2015-01-27T19:41:47","guid":{"rendered":"http:\/\/alfredjarry.fr\/jarry\/?page_id=54"},"modified":"2015-01-27T19:43:43","modified_gmt":"2015-01-27T19:43:43","slug":"manuscrits-et-editions-orginales-en-ligne","status":"publish","type":"page","link":"https:\/\/alfredjarry.fr\/jarry\/?page_id=54","title":{"rendered":"Manuscrits et \u00e9ditions en ligne"},"content":{"rendered":"<p>Les \u0153uvres d&rsquo;Alfred Jarry ci-dessous, issues d&rsquo;un programme de num\u00e9risation des collections de la Biblioth\u00e8que de Laval, sont consultables et t\u00e9l\u00e9chargeables au format pdf. Les fichiers sont tr\u00e8s volumineux, il est conseill\u00e9 de les t\u00e9l\u00e9charger pour les consulter (clic droit, enregistrer sous).<\/p>\n<p><span class=\"titremc\">Almanach illustr\u00e9 du P\u00e8re Ubu<\/span><br \/>\n<em>1er janvier 1901 &#8211; XX\u00e8 si\u00e8cle.<\/em><br \/>\n<a href=\"http:\/\/alfredjarry.fr\/oeuvresnumerisees\/PDFJarry\/Jarry_BM_Laval_17251.pdf\" target=\"_blank\">Consultation au format pdf<\/a><\/p>\n<p><span class=\"titremc\">\u00ab\u00a0Le Moutardier du Pape\u00a0\u00bb<\/span><br \/>\nOp\u00e9rette Bouffe &#8211; <em>1907.<\/em><br \/>\n<a href=\"http:\/\/alfredjarry.fr\/oeuvresnumerisees\/PDFJarry\/Jarry_BM_Laval_17413.pdf\" target=\"_blank\">Consultation au format pdf<\/a><\/p>\n<p><span class=\"titremc\">\u00ab\u00a0Les Sil\u00e8nes\u00a0\u00bb<\/span><br \/>\n<em>Editions Les Bibliophiles Cr\u00e9oles &#8211; 1926.<\/em><br \/>\n<a href=\"http:\/\/alfredjarry.fr\/oeuvresnumerisees\/PDFJarry\/Jarry_BM_Laval_51744.pdf\" target=\"_blank\">Consultation au format pdf<\/a><\/p>\n<p><span class=\"titremc\">\u00ab\u00a0Les Minutes de Sable M\u00e9morial\u00a0\u00bb suivi de \u00ab\u00a0C\u00e9sar-Ant\u00e9christ\u00a0\u00bb<\/span><br \/>\n<em>Editions Fasquelle &#8211; 1932.<\/em><br \/>\n<a href=\"http:\/\/alfredjarry.fr\/oeuvresnumerisees\/PDFJarry\/Jarry_BM_Laval_82954B.pdf\" target=\"_blank\">Consultation au format pdf<\/a><\/p>\n<p><span class=\"titremc\">\u00ab\u00a0Par la taille\u00a0\u00bb<\/span><br \/>\n<em>Editions E. Sansot &#8211; 1906.<\/em><br \/>\n<a href=\"http:\/\/alfredjarry.fr\/oeuvresnumerisees\/PDFJarry\/Jarry_BM_Laval_87890.pdf\" target=\"_blank\">Consultation au format pdf<\/a><\/p>\n<p><span class=\"titremc\">\u00ab\u00a0L&rsquo;Amour absolu\u00a0\u00bb<\/span> avec des souvenirs du docteur Saltas et des notes de Charlotte Jarry.<br \/>\n<em>Editions Les Marges &#8211; 1932.<\/em><br \/>\n<a href=\"http:\/\/alfredjarry.fr\/oeuvresnumerisees\/PDFJarry\/Jarry_BM_Laval_88006.pdf\" target=\"_blank\">Consultation au format pdf<\/a><\/p>\n<p><span class=\"titremc\">\u00ab\u00a0Gestes et Opinions du docteur Faustroll, pataphysicien\u00a0\u00bb<\/span> roman n\u00e9o-scientifique suivi de <span class=\"titremc\">\u00ab\u00a0Sp\u00e9culations\u00a0\u00bb<\/span><br \/>\n<em>Editions Charpentier &#8211; 1911.<\/em><br \/>\n<a href=\"http:\/\/alfredjarry.fr\/oeuvresnumerisees\/PDFJarry\/Jarry_BM_Laval_88007.pdf\" target=\"_blank\">Consultation au format pdf<\/a><\/p>\n<p><span class=\"titremc\">L&rsquo;Almanach du P\u00e8re Ubu Illustr\u00e9<\/span><br \/>\n<em>Janvier, f\u00e9vrier, mars 1899.<\/em><br \/>\n<a href=\"http:\/\/alfredjarry.fr\/oeuvresnumerisees\/PDFJarry\/Jarry_BM_Laval_90633.pdf\" target=\"_blank\">Consultation au format pdf<\/a><\/p>\n<p><span class=\"titremc\">\u00ab\u00a0Gestes\u00a0\u00bb <\/span>suivi des <span class=\"titremc\">\u00ab\u00a0Paralipom\u00e8nes d&rsquo;Ubu\u00a0\u00bb<\/span><br \/>\n<em>Editions du Sagittaire &#8211; 1920.<\/em><br \/>\n<a href=\"http:\/\/alfredjarry.fr\/oeuvresnumerisees\/PDFJarry\/Jarry_BM_Laval_90636.pdf\" target=\"_blank\">Consultation au format pdf<\/a><\/p>\n<p><span class=\"titremc\">\u00ab\u00a0Ubu enchain\u00e9\u00a0\u00bb<\/span> pr\u00e9c\u00e9d\u00e9 de <span class=\"titremc\">\u00ab\u00a0Ubu Roi\u00a0\u00bb<\/span><br \/>\n<em>Editions de la Revue Blanche &#8211; 1900.<\/em><br \/>\n<a href=\"http:\/\/alfredjarry.fr\/oeuvresnumerisees\/PDFJarry\/Jarry_BM_Laval_90676.pdf\" target=\"_blank\">Consultation au format pdf<\/a><\/p>\n<p><span class=\"titremc\">\u00ab\u00a0Pantagruel\u00a0\u00bb<\/span><br \/>\nOp\u00e9ra Bouffe en cinq actes et six tableaux &#8211; Musique de Claude Terasse. <em>Soci\u00e9t\u00e9 d&rsquo;Editions musicales &#8211; 1911.<\/em><br \/>\n<a href=\"http:\/\/alfredjarry.fr\/oeuvresnumerisees\/PDFJarry\/Jarry_BM_Laval_90702.pdf\" target=\"_blank\">Consultation au format pdf<\/a><\/p>\n<p><span class=\"titremc\">Albert Samain<\/span><br \/>\nManuscrit &#8211; 1905.<br \/>\n<a href=\"http:\/\/alfredjarry.fr\/oeuvresnumerisees\/PDFJarry\/Jarry_BM_Laval_51678.pdf\" target=\"_blank\">Consultation au format pdf<\/a><\/p>\n<p><span class=\"titremc\">\u00ab\u00a0La Dragonne\u00a0\u00bb<\/span><br \/>\nManuscrit &#8211; 1906.<br \/>\n<a href=\"http:\/\/alfredjarry.fr\/oeuvresnumerisees\/PDFJarry\/Jarry_BM_Laval_51679.pdf\" target=\"_blank\">Consultation au format pdf<\/a><\/p>\n<p><span class=\"titremc\">\u00ab\u00a0Sp\u00e9culations\u00a0\u00bb<\/span><br \/>\nManuscrit &#8211; Avant 1907.<br \/>\n<a href=\"http:\/\/alfredjarry.fr\/oeuvresnumerisees\/PDFJarry\/Jarry_BM_Laval_51680.pdf\" target=\"_blank\">Consultation au format pdf<\/a><\/p>\n<p><span class=\"titremc\">\u00ab\u00a0Ubu sur la butte\u00a0\u00bb<\/span><br \/>\nManuscrit r\u00e9dig\u00e9 sur un exemplaire imprim\u00e9 d&rsquo;Ubu-Roi &#8211; 1901.<br \/>\n<a href=\"http:\/\/alfredjarry.fr\/oeuvresnumerisees\/PDFJarry\/Jarry_BM_Laval_51694.pdf\" target=\"_blank\">Consultation au format pdf<\/a><\/p>\n<p><span class=\"titremc\">\u00ab\u00a0Ubu Roi\u00a0\u00bb<\/span>, addition \u00e0 la sc\u00e8ne finale arrang\u00e9e pour Guignol.<br \/>\nManuscrit &#8211; 1901<br \/>\n<a href=\"http:\/\/alfredjarry.fr\/oeuvresnumerisees\/PDFJarry\/Jarry_BM_Laval_51695.pdf\" target=\"_blank\">Consultation au format pdf<\/a><\/p>\n<p class=\"maintexte\"><span class=\"titremc\">\u00ab\u00a0L&rsquo;Objet aim\u00e9\u00a0\u00bb<\/span> &#8211; Th\u00e9\u00e2tre mirlitonesque.<br \/>\nManuscrit &#8211; 1903<br \/>\n<a href=\"http:\/\/alfredjarry.fr\/oeuvresnumerisees\/PDFJarry\/Jarry_BM_Laval_51696.pdf\" target=\"_blank\">Consultation au format pdf<\/a><\/p>\n<p><span class=\"titremc\">\u00ab\u00a0Messaline\u00a0\u00bb<\/span> &#8211; Roman de l&rsquo;ancienne Rome.<br \/>\nManuscrit &#8211; Avant 1901<br \/>\n<a href=\"http:\/\/alfredjarry.fr\/oeuvresnumerisees\/PDFJarry\/Jarry_BM_Laval_51753.pdf\" target=\"_blank\">Consultation au format pdf<\/a><\/p>\n<p><span class=\"titremc\">\u00ab\u00a0Le Surm\u00e2le\u00a0\u00bb<\/span><br \/>\nManuscrit &#8211; Avant 1902.<br \/>\n<a href=\"http:\/\/alfredjarry.fr\/oeuvresnumerisees\/PDFJarry\/Jarry_BM_Laval_51754.pdf\" target=\"_blank\">Consultation au format pdf<\/a><\/p>\n<p><span class=\"titremc\">\u00ab\u00a0L&rsquo;Amour en visites\u00a0\u00bb<\/span><br \/>\n<em>Editions du Mercure de France &#8211; 1898.<\/em><br \/>\n<a href=\"http:\/\/alfredjarry.fr\/oeuvresnumerisees\/PDFJarry\/Jarry_BM_Laval_90642.pdf\" target=\"_blank\">Consultation au format pdf<\/a><\/p>\n<p><span class=\"titremc\">\u00ab\u00a0Ubu Roi\u00a0\u00bb<\/span><br \/>\n<em>Editions du Mercure de France &#8211; 1896.<\/em><br \/>\n<a href=\"http:\/\/alfredjarry.fr\/oeuvresnumerisees\/PDFJarry\/Jarry_BM_Laval_90644.pdf\" target=\"_blank\">Consultation au format pdf<\/a><\/p>\n<p><span class=\"titremc\">\u00ab\u00a0Les Jours et les Nuits\u00a0\u00bb<\/span>, roman d&rsquo;un d\u00e9serteur.<br \/>\n<em>Editions du Mercure de France &#8211; 1897.<\/em><br \/>\n<a href=\"http:\/\/alfredjarry.fr\/oeuvresnumerisees\/PDFJarry\/Jarry_BM_Laval_90678.pdf\" target=\"_blank\">Consultation au format pdf<\/a><\/p>\n<p><span class=\"titremc\">\u00ab\u00a0C\u00e9sar-Ant\u00e9christ\u00a0\u00bb<\/span><br \/>\n<em>Editions du Mercure de France &#8211; 1895.<\/em><br \/>\n<a href=\"http:\/\/alfredjarry.fr\/oeuvresnumerisees\/PDFJarry\/Jarry_BM_Laval_90690.pdf\" target=\"_blank\">Consultation au format pdf<\/a><\/p>\n","protected":false},"excerpt":{"rendered":"<p>Les \u0153uvres d&rsquo;Alfred Jarry ci-dessous, issues d&rsquo;un programme de num\u00e9risation des collections de la Biblioth\u00e8que de Laval, sont consultables et t\u00e9l\u00e9chargeables au format pdf. Les fichiers sont tr\u00e8s volumineux, il est conseill\u00e9 de les t\u00e9l\u00e9charger pour les consulter (clic droit, enregistrer sous). Almanach illustr\u00e9 du P\u00e8re Ubu 1er janvier 1901 &#8211; XX\u00e8 si\u00e8cle. Consultation au &hellip; <a href=\"https:\/\/alfredjarry.fr\/jarry\/?page_id=54\" class=\"more-link\">Continuer la lecture de <span class=\"screen-reader-text\">Manuscrits et \u00e9ditions en ligne<\/span><\/a><\/p>\n","protected":false},"author":1,"featured_media":0,"parent":0,"menu_order":0,"comment_status":"closed","ping_status":"closed","template":"","meta":{"footnotes":""},"class_list":["post-54","page","type-page","status-publish","hentry"],"_links":{"self":[{"href":"https:\/\/alfredjarry.fr\/jarry\/index.php?rest_route=\/wp\/v2\/pages\/54","targetHints":{"allow":["GET"]}}],"collection":[{"href":"https:\/\/alfredjarry.fr\/jarry\/index.php?rest_route=\/wp\/v2\/pages"}],"about":[{"href":"https:\/\/alfredjarry.fr\/jarry\/index.php?rest_route=\/wp\/v2\/types\/page"}],"author":[{"embeddable":true,"href":"https:\/\/alfredjarry.fr\/jarry\/index.php?rest_route=\/wp\/v2\/users\/1"}],"replies":[{"embeddable":true,"href":"https:\/\/alfredjarry.fr\/jarry\/index.php?rest_route=%2Fwp%2Fv2%2Fcomments&post=54"}],"version-history":[{"count":3,"href":"https:\/\/alfredjarry.fr\/jarry\/index.php?rest_route=\/wp\/v2\/pages\/54\/revisions"}],"predecessor-version":[{"id":57,"href":"https:\/\/alfredjarry.fr\/jarry\/index.php?rest_route=\/wp\/v2\/pages\/54\/revisions\/57"}],"wp:attachment":[{"href":"https:\/\/alfredjarry.fr\/jarry\/index.php?rest_route=%2Fwp%2Fv2%2Fmedia&parent=54"}],"curies":[{"name":"wp","href":"https:\/\/api.w.org\/{rel}","templated":true}]}}